{"id":2199,"date":"2019-03-04T08:18:03","date_gmt":"2019-03-04T08:18:03","guid":{"rendered":"https:\/\/kawafel.net\/?page_id=2199"},"modified":"2019-06-01T14:43:05","modified_gmt":"2019-06-01T14:43:05","slug":"ulastirma-servisleri","status":"publish","type":"page","link":"https:\/\/kawafel.net\/tr\/ulastirma-servisleri\/","title":{"rendered":"Ula\u015ft\u0131rma servisleri"},"content":{"rendered":"<p>[vc_row css=&#8221;.vc_custom_1550529935870{margin-bottom: 80px !important;}&#8221;][vc_column width=&#8221;1\/2&#8243;][vc_custom_heading text=&#8221;Ula\u015ft\u0131rma, entegre lojistik hizmetleri sa\u011flaman\u0131n temel ta\u015f\u0131d\u0131r, bu nedenle modern kamyon filosu, e\u011fitimli s\u00fcr\u00fcc\u00fcler ve filo y\u00f6netimi uzmanlar\u0131ndan faydaland\u0131k.<br \/>\nT\u00fcm T\u00fcrk \u015fehirlerine ve \u00fclkelerinden mal ve konteyner ta\u015f\u0131nd\u0131\u011f\u0131 yer. Ula\u015ft\u0131rma sistemimiz, en iyi performans standartlar\u0131n\u0131 sa\u011flamak i\u00e7in deneyimli ve profesyonel yetkililer taraf\u0131ndan y\u00f6netilmektedir.<br \/>\nKamyon filomuzu en iyi s\u00fcr\u00fcc\u00fclerle, uydu \u00fczerinden kamyon y\u00f6netim ve kontrol sistemine ek olarak destekledik ve t\u00fcm kamyonlar\u0131m\u0131zda ve mal ta\u015f\u0131mac\u0131l\u0131\u011f\u0131nda sigortal\u0131y\u0131z ve her zaman lider firmalardan biri olmay\u0131 hedefliyoruz. T\u00fcrkiye&#8217;nin en b\u00fcy\u00fck uzmanla\u015fm\u0131\u015f nakliye \u015firketleri&#8221; font_container=&#8221;tag:h5|text_align:left|color:%23373435&#8243;][vc_cta h2=&#8221;&#8221; shape=&#8221;square&#8221; add_button=&#8221;right&#8221; btn_title=&#8221;bizi \u015fimdi ara&#8221; btn_style=&#8221;outline&#8221; btn_shape=&#8221;round&#8221; btn_color=&#8221;white&#8221; btn_i_align=&#8221;right&#8221; btn_i_icon_fontawesome=&#8221;stm-arrow-next&#8221; btn_add_icon=&#8221;true&#8221; el_class=&#8221;ahmad1&#8243; btn_link=&#8221;url:https%3A%2F%2Fkawafel.net%2Ftr%2Fbizi-arayin%2F||target:%20_blank|&#8221; css=&#8221;.vc_custom_1551942495776{margin-left: 170px !important;}&#8221;][\/vc_cta][\/vc_column][vc_column width=&#8221;1\/2&#8243;][vc_single_image image=&#8221;1839&#8243; img_size=&#8221;full&#8221;][\/vc_column][\/vc_row][vc_row full_width=&#8221;stretch_row&#8221; css=&#8221;.vc_custom_1550530266692{margin-bottom: 80px !important;padding-top: 80px !important;padding-bottom: 60px !important;background-color: #373435 !important;}&#8221;][vc_column][vc_row_inner css=&#8221;.vc_custom_1449136946410{margin-bottom: 0px !important;}&#8221;][vc_column_inner width=&#8221;1\/2&#8243; css=&#8221;.vc_custom_1449136957585{margin-bottom: 35px !important;}&#8221;][stm_icon icon_size=&#8221;73&#8243; icon_height=&#8221;100&#8243; title_font_size=&#8221;24&#8243; title_font_weight=&#8221;700&#8243; icon=&#8221;stm-transport839&#8243; title=&#8221;Hava Kargo&#8221; text=&#8221;En h\u0131zl\u0131 nakliye \u015fekli, kargo u\u00e7a\u011f\u0131 tipleridir ve ya nakliye \u015firketine aittir ya da dolayl\u0131 olarak bunlarla ilgilenir.&#8221; link=&#8221;|||&#8221; title_color=&#8221;#ffffff&#8221; text_color=&#8221;#ffffff&#8221;][\/vc_column_inner][vc_column_inner width=&#8221;1\/2&#8243; css=&#8221;.vc_custom_1449136961602{margin-bottom: 35px !important;}&#8221;][stm_icon icon_size=&#8221;89&#8243; icon_height=&#8221;100&#8243; title_font_size=&#8221;24&#8243; title_font_weight=&#8221;700&#8243; icon=&#8221;stm-ship&#8221; title=&#8221;DEN\u0130Z GEM\u0130S\u0130&#8221; text=&#8221;Farkl\u0131 boyutlarda ve \u00e7ok b\u00fcy\u00fck miktarlarda mal ta\u015f\u0131malar\u0131n\u0131 sa\u011flayan gemiler i\u00e7in b\u00fcy\u00fck kapasiteye sahibiz. Nakliye, mallar\u0131n organize bir \u015fekilde nakliye ve organize edilme s\u00fcrecinin kolayla\u015ft\u0131r\u0131lmas\u0131 ve par\u00e7alara ayr\u0131lmamas\u0131 i\u00e7in karakterize edilen konteynerler vas\u0131tas\u0131yla ger\u00e7ekle\u015ftirilir.&#8221; title_color=&#8221;#ffffff&#8221; text_color=&#8221;#ffffff&#8221; link=&#8221;|||&#8221;][\/vc_column_inner][\/vc_row_inner][vc_row_inner css=&#8221;.vc_custom_1449136951770{margin-bottom: 0px !important;}&#8221;][vc_column_inner width=&#8221;1\/2&#8243; css=&#8221;.vc_custom_1449136966415{margin-bottom: 35px !important;}&#8221;][stm_icon icon_size=&#8221;89&#8243; icon_height=&#8221;100&#8243; title_font_size=&#8221;24&#8243; title_font_weight=&#8221;700&#8243; icon=&#8221;stm-transport842&#8243; title=&#8221;Kara nakliye&#8221; text=&#8221;M\u00fc\u015fterilerimize Suudi Arabistan ve kom\u015fu Arap ve Afrika \u00fclkeleri aras\u0131nda 30 y\u0131ldan fazla s\u00fcredir y\u00fcksek verimlilik ve deneyime sahip kara ta\u015f\u0131mac\u0131l\u0131\u011f\u0131 hizmetleri sunuyoruz. Ayr\u0131ca, g\u00fcmr\u00fckleme ve sigorta hizmetleri, her a\u015famada nakliye hizmetleri, farkl\u0131 seviyelerde kamyon filosu ile ihracat ve ithalat hizmetleri de veriyoruz.&#8221; title_color=&#8221;#ffffff&#8221; text_color=&#8221;#ffffff&#8221; link=&#8221;|||&#8221;][\/vc_column_inner][vc_column_inner width=&#8221;1\/2&#8243; css=&#8221;.vc_custom_1449136971250{margin-bottom: 35px !important;}&#8221;][stm_icon icon_size=&#8221;89&#8243; icon_height=&#8221;100&#8243; title_font_size=&#8221;24&#8243; title_font_weight=&#8221;700&#8243; icon=&#8221;stm-warehouse&#8221; title=&#8221;Lojistik Hizmetleri&#8221; text=&#8221;T\u00fcm lojistik alanlarda geni\u015f bir hizmet yelpazesi sunuyoruz. Hizmetlerimiz \u015funlard\u0131r: Kara Ta\u015f\u0131mac\u0131l\u0131\u011f\u0131, Hava Ta\u015f\u0131mac\u0131l\u0131\u011f\u0131 ve Deniz Ta\u015f\u0131mac\u0131l\u0131\u011f\u0131. Ayr\u0131ca, \u00fc\u00e7\u00fcnc\u00fc taraf depo hizmetlerini, g\u00fcmr\u00fckleme hizmetlerini, nakliye ve da\u011f\u0131t\u0131m hizmetlerini ve ayr\u0131ca \u00f6zelle\u015ftirilmi\u015f \u00e7\u00f6z\u00fcmleri sunuyoruz.&#8221; title_color=&#8221;#ffffff&#8221; text_color=&#8221;#ffffff&#8221; link=&#8221;|||&#8221;][\/vc_column_inner][\/vc_row_inner][\/vc_column][\/vc_row][vc_row css=&#8221;.vc_custom_1550530887830{margin-bottom: 80px !important;}&#8221;][vc_column width=&#8221;1\/2&#8243;][vc_column_text css=&#8221;.vc_custom_1551692779271{margin-bottom: 30px !important;}&#8221;]<\/p>\n<h3>Uluslararas\u0131 Nakliyat<\/h3>\n<p>Karavanlar, bir \u00fclkeden di\u011ferine veya bir k\u0131tadan di\u011ferine i\u015finizi d\u00fcnyaya ba\u011flaman\u0131za yard\u0131mc\u0131 olur<br \/>\n\u0130\u015finize odaklan\u0131p sevkiyat g\u00f6revini bize b\u0131rakt\u0131\u011f\u0131n\u0131zda ne olaca\u011f\u0131n\u0131 g\u00f6r\u00fcn.[\/vc_column_text][\/vc_column][vc_column width=&#8221;1\/2&#8243;][vc_single_image image=&#8221;1561&#8243; img_size=&#8221;full&#8221; alignment=&#8221;right&#8221;][\/vc_column][\/vc_row][vc_row full_width=&#8221;stretch_row_content_no_spaces&#8221; equal_height=&#8221;yes&#8221; content_placement=&#8221;top&#8221; el_class=&#8221;secondary_bg_color services_icons reset-sm-paddings&#8221; css=&#8221;.vc_custom_1450671531930{margin-bottom: 0px !important;}&#8221;][vc_column css=&#8221;.vc_custom_1449204255225{padding-top: 75px !important;padding-right: 115px !important;padding-bottom: 75px !important;padding-left: 115px !important;}&#8221; offset=&#8221;vc_col-lg-4 vc_col-md-4&#8243;][stm_icon icon_size=&#8221;67&#8243; icon_height=&#8221;90&#8243; title_font_size=&#8221;24&#8243; title_font_weight=&#8221;700&#8243; align=&#8221;center&#8221; icon=&#8221;stm-security&#8221; title=&#8221;G\u00fcvenlik&#8221; text=&#8221;kawafel Uluslararas\u0131 Ta\u015f\u0131mac\u0131l\u0131k \u015eirketi sa\u011flam ve otantik temeller \u00fczerine kuruldu&#8221; icon_color=&#8221;#ffffff&#8221; title_color=&#8221;#ffffff&#8221; text_color=&#8221;#ffffff&#8221;][\/vc_column][vc_column css=&#8221;.vc_custom_1449204260881{padding-top: 75px !important;padding-right: 115px !important;padding-bottom: 75px !important;padding-left: 115px !important;background-color: rgba(0,0,0,0.1) !important;*background-color: rgb(0,0,0) !important;}&#8221; offset=&#8221;vc_col-lg-4 vc_col-md-4&#8243;][stm_icon icon_size=&#8221;67&#8243; icon_height=&#8221;90&#8243; title_font_size=&#8221;24&#8243; title_font_weight=&#8221;700&#8243; align=&#8221;center&#8221; icon=&#8221;stm-fast-delivery&#8221; title=&#8221;H\u0131zl\u0131 teslimat&#8221; text=&#8221;M\u00fc\u015fterilerimize hizmetlerimizde en iyi h\u0131z seviyesini sunuyoruz&#8221; icon_color=&#8221;#ffffff&#8221; title_color=&#8221;#ffffff&#8221; text_color=&#8221;#ffffff&#8221;][\/vc_column][vc_column css=&#8221;.vc_custom_1449204266169{padding-top: 75px !important;padding-right: 115px !important;padding-bottom: 75px !important;padding-left: 115px !important;background-color: rgba(0,0,0,0.2) !important;*background-color: rgb(0,0,0) !important;}&#8221; offset=&#8221;vc_col-lg-4 vc_col-md-4&#8243;][stm_icon icon_size=&#8221;67&#8243; icon_height=&#8221;90&#8243; title_font_size=&#8221;24&#8243; title_font_weight=&#8221;700&#8243; align=&#8221;center&#8221; icon=&#8221;stm-support&#8221; title=&#8221;24\/7 destek&#8221; text=&#8221;Size hizmet etmek ve problemlerinizi \u00e7\u00f6zmek i\u00e7in elimizden geleni sunuyoruz.&#8221; icon_color=&#8221;#ffffff&#8221; title_color=&#8221;#ffffff&#8221; text_color=&#8221;#ffffff&#8221;][\/vc_column][\/vc_row][vc_row full_width=&#8221;stretch_row&#8221; el_class=&#8221;secondary_bg_color&#8221; css=&#8221;.vc_custom_1447734480631{margin-bottom: 0px !important;}&#8221;][vc_column][\/vc_column][\/vc_row]<\/p>\n","protected":false},"excerpt":{"rendered":"<p>[vc_row css=&#8221;.vc_custom_1550529935870{margin-bottom: 80px !important;}&#8221;][vc_column width=&#8221;1\/2&#8243;][vc_custom_heading text=&#8221;Ula\u015ft\u0131rma, entegre lojistik hizmetleri sa\u011flaman\u0131n temel ta\u015f\u0131d\u0131r, bu nedenle modern kamyon filosu, e\u011fitimli s\u00fcr\u00fcc\u00fcler ve filo y\u00f6netimi uzmanlar\u0131ndan faydaland\u0131k. T\u00fcm T\u00fcrk \u015fehirlerine ve \u00fclkelerinden mal ve konteyner ta\u015f\u0131nd\u0131\u011f\u0131&#8230;<\/p>\n","protected":false},"author":1,"featured_media":1839,"parent":0,"menu_order":0,"comment_status":"closed","ping_status":"closed","template":"","meta":{"footnotes":""},"class_list":["post-2199","page","type-page","status-publish","has-post-thumbnail","hentry"],"_links":{"self":[{"href":"https:\/\/kawafel.net\/tr\/wp-json\/wp\/v2\/pages\/2199","targetHints":{"allow":["GET"]}}],"collection":[{"href":"https:\/\/kawafel.net\/tr\/wp-json\/wp\/v2\/pages"}],"about":[{"href":"https:\/\/kawafel.net\/tr\/wp-json\/wp\/v2\/types\/page"}],"author":[{"embeddable":true,"href":"https:\/\/kawafel.net\/tr\/wp-json\/wp\/v2\/users\/1"}],"replies":[{"embeddable":true,"href":"https:\/\/kawafel.net\/tr\/wp-json\/wp\/v2\/comments?post=2199"}],"version-history":[{"count":6,"href":"https:\/\/kawafel.net\/tr\/wp-json\/wp\/v2\/pages\/2199\/revisions"}],"predecessor-version":[{"id":2324,"href":"https:\/\/kawafel.net\/tr\/wp-json\/wp\/v2\/pages\/2199\/revisions\/2324"}],"wp:featuredmedia":[{"embeddable":true,"href":"https:\/\/kawafel.net\/tr\/wp-json\/wp\/v2\/media\/1839"}],"wp:attachment":[{"href":"https:\/\/kawafel.net\/tr\/wp-json\/wp\/v2\/media?parent=2199"}],"curies":[{"name":"wp","href":"https:\/\/api.w.org\/{rel}","templated":true}]}}